{"id":37,"date":"2021-03-26T09:34:13","date_gmt":"2021-03-26T08:34:13","guid":{"rendered":"http:\/\/www.aurmed.hu\/?page_id=37"},"modified":"2025-07-18T19:47:38","modified_gmt":"2025-07-18T18:47:38","slug":"kapcsolat","status":"publish","type":"page","link":"https:\/\/www.aurmed.hu\/index.php\/kapcsolat\/","title":{"rendered":"Kapcsolat"},"content":{"rendered":"\t\t<div data-elementor-type=\"wp-page\" data-elementor-id=\"37\" class=\"elementor elementor-37\">\n\t\t\t\t<div class=\"elementor-element elementor-element-907d6a1 e-flex e-con-boxed e-con e-parent\" data-id=\"907d6a1\" data-element_type=\"container\" data-e-type=\"container\">\n\t\t\t\t\t<div class=\"e-con-inner\">\n\t\t<div class=\"elementor-element elementor-element-41f5fb0 e-con-full e-flex e-con e-child\" data-id=\"41f5fb0\" data-element_type=\"container\" data-e-type=\"container\">\n\t\t\t\t<div class=\"elementor-element elementor-element-4a57513 elementor-widget elementor-widget-text-editor\" data-id=\"4a57513\" data-element_type=\"widget\" data-e-type=\"widget\" data-widget_type=\"text-editor.default\">\n\t\t\t\t\t\t\t\t\t<p class=\"has-large-font-size\"><strong>C\u00e9gadatok<\/strong><\/p>\n<p><!-- \/wp:paragraph --><!-- wp:paragraph --><\/p>\n<p>Aurmed Eg\u00e9szs\u00e9g\u00fcgyi Szolg\u00e1ltat\u00f3 Kft.<\/p>\n<p><!-- \/wp:paragraph --><!-- wp:paragraph --><\/p>\n<p>Ad\u00f3sz\u00e1m: 12930382-2-42<\/p>\n<p><!-- \/wp:paragraph --><!-- wp:paragraph {\"fontSize\":\"large\"} --><\/p>\n<p class=\"has-large-font-size\"><strong>El\u00e9rhet\u0151s\u00e9gek<\/strong><\/p>\n<p><!-- \/wp:paragraph --><!-- wp:paragraph --><\/p>\n<p>Technikai seg\u00edts\u00e9g: <a href=\"mailto:ferencmakrai@gmail.com\" target=\"_blank\" rel=\"noreferrer noopener\">ferencmakrai@gmail.com<\/a><\/p>\n<p><!-- \/wp:paragraph --><!-- wp:paragraph --><\/p>\n<p>Egy\u00e9b \u00fcgyekben kapcsolat: <a href=\"mailto:av@ysb.hu\" target=\"_blank\" rel=\"noreferrer noopener\">av@ysb.hu<\/a><\/p>\t\t\t\t\t\t\t\t<\/div>\n\t\t\t\t<\/div>\n\t\t<div class=\"elementor-element elementor-element-58ea930 e-con-full e-flex e-con e-child\" data-id=\"58ea930\" data-element_type=\"container\" data-e-type=\"container\">\n\t\t\t\t<div class=\"elementor-element elementor-element-304e6a4 elementor-widget elementor-widget-image\" data-id=\"304e6a4\" data-element_type=\"widget\" data-e-type=\"widget\" data-widget_type=\"image.default\">\n\t\t\t\t\t\t\t\t\t\t\t\t\t\t\t<img fetchpriority=\"high\" decoding=\"async\" width=\"767\" height=\"530\" src=\"https:\/\/www.aurmed.hu\/wp-content\/uploads\/2025\/07\/Szechenyi-fejlec.jpg\" class=\"attachment-large size-large wp-image-106\" alt=\"\" srcset=\"https:\/\/www.aurmed.hu\/wp-content\/uploads\/2025\/07\/Szechenyi-fejlec.jpg 767w, https:\/\/www.aurmed.hu\/wp-content\/uploads\/2025\/07\/Szechenyi-fejlec-300x207.jpg 300w\" sizes=\"(max-width: 767px) 100vw, 767px\" \/>\t\t\t\t\t\t\t\t\t\t\t\t\t\t\t<\/div>\n\t\t\t\t<\/div>\n\t\t\t\t\t<\/div>\n\t\t\t\t<\/div>\n\t\t\t\t<\/div>\n\t\t","protected":false},"excerpt":{"rendered":"<p>C\u00e9gadatok Aurmed Eg\u00e9szs\u00e9g\u00fcgyi Szolg\u00e1ltat\u00f3 Kft. Ad\u00f3sz\u00e1m: 12930382-2-42 El\u00e9rhet\u0151s\u00e9gek Technikai seg\u00edts\u00e9g: ferencmakrai@gmail.com Egy\u00e9b \u00fcgyekben kapcsolat: av@ysb.hu<\/p>\n","protected":false},"author":2,"featured_media":0,"parent":0,"menu_order":0,"comment_status":"closed","ping_status":"closed","template":"","meta":{"footnotes":""},"class_list":["post-37","page","type-page","status-publish","hentry"],"_links":{"self":[{"href":"https:\/\/www.aurmed.hu\/index.php\/wp-json\/wp\/v2\/pages\/37","targetHints":{"allow":["GET"]}}],"collection":[{"href":"https:\/\/www.aurmed.hu\/index.php\/wp-json\/wp\/v2\/pages"}],"about":[{"href":"https:\/\/www.aurmed.hu\/index.php\/wp-json\/wp\/v2\/types\/page"}],"author":[{"embeddable":true,"href":"https:\/\/www.aurmed.hu\/index.php\/wp-json\/wp\/v2\/users\/2"}],"replies":[{"embeddable":true,"href":"https:\/\/www.aurmed.hu\/index.php\/wp-json\/wp\/v2\/comments?post=37"}],"version-history":[{"count":8,"href":"https:\/\/www.aurmed.hu\/index.php\/wp-json\/wp\/v2\/pages\/37\/revisions"}],"predecessor-version":[{"id":142,"href":"https:\/\/www.aurmed.hu\/index.php\/wp-json\/wp\/v2\/pages\/37\/revisions\/142"}],"wp:attachment":[{"href":"https:\/\/www.aurmed.hu\/index.php\/wp-json\/wp\/v2\/media?parent=37"}],"curies":[{"name":"wp","href":"https:\/\/api.w.org\/{rel}","templated":true}]}}